{"id":12,"date":"2011-01-26T13:40:50","date_gmt":"2011-01-26T13:40:50","guid":{"rendered":"http:\/\/harmoniedemeung.fr\/?page_id=12"},"modified":"2014-11-18T16:24:41","modified_gmt":"2014-11-18T16:24:41","slug":"lharmonie-de-meung","status":"publish","type":"page","link":"https:\/\/harmoniedemeung.fr\/?page_id=12","title":{"rendered":"L\u2019harmonie de Meung"},"content":{"rendered":"<p><a href=\"http:\/\/harmoniedemeung.fr\/wp-content\/uploads\/2014\/11\/\u00a9PierreDerouette-03DSC_1267-01.jpg\"><img loading=\"lazy\" decoding=\"async\" class=\"alignnone  wp-image-538\" src=\"http:\/\/harmoniedemeung.fr\/wp-content\/uploads\/2014\/11\/\u00a9PierreDerouette-03DSC_1267-01-1024x683.jpg\" alt=\"\u00a9PierreDerouette-03DSC_1267 01\" width=\"654\" height=\"436\" srcset=\"https:\/\/harmoniedemeung.fr\/wp-content\/uploads\/2014\/11\/\u00a9PierreDerouette-03DSC_1267-01-1024x683.jpg 1024w, https:\/\/harmoniedemeung.fr\/wp-content\/uploads\/2014\/11\/\u00a9PierreDerouette-03DSC_1267-01-300x200.jpg 300w, https:\/\/harmoniedemeung.fr\/wp-content\/uploads\/2014\/11\/\u00a9PierreDerouette-03DSC_1267-01.jpg 2048w\" sizes=\"auto, (max-width: 654px) 100vw, 654px\" \/><\/a><\/p>\n<p><span style=\"color: #000000;\">Fond\u00e9e en 1874, malgr\u00e9 des p\u00e9riodes de sommeil, l\u2019Harmonie a su perdurer au fil des d\u00e9cennies pour s\u2019inscrire dans la tradition musicale \u00e0 Meung-sur-Loire.<\/span><\/p>\n<p><span style=\"color: #000000;\">Apr\u00e8s plusieurs modifications statutaires, elle repose actuellement sur une structure associative.<\/span><\/p>\n<p><span style=\"color: #000000;\">La jeunesse de ses membres issus principalement de l\u2019Ecole Municipale de Musique conf\u00e8re aujourd\u2019hui \u00e0 l\u2019Harmonie un dynamisme particulier qui lui permet d\u2019envisager sereinement l\u2019avenir.<\/span><\/p>\n<p><span style=\"color: #000000;\">Dans ce contexte, cette formation d\u2019orchestre n\u2019h\u00e9site pas \u00e0 \u00e9largir son r\u00e9pertoire sous l\u2019impulsion de son directeur, Thierry QUATREHOMME.<\/span><\/p>\n<p><a href=\"http:\/\/harmoniedemeung.fr\/wp-content\/uploads\/2014\/11\/MG_9662.jpg\"><img loading=\"lazy\" decoding=\"async\" class=\"alignnone  wp-image-535\" src=\"http:\/\/harmoniedemeung.fr\/wp-content\/uploads\/2014\/11\/MG_9662-1024x682.jpg\" alt=\"_MG_9662\" width=\"312\" height=\"208\" srcset=\"https:\/\/harmoniedemeung.fr\/wp-content\/uploads\/2014\/11\/MG_9662-1024x682.jpg 1024w, https:\/\/harmoniedemeung.fr\/wp-content\/uploads\/2014\/11\/MG_9662-300x200.jpg 300w\" sizes=\"auto, (max-width: 312px) 100vw, 312px\" \/><\/a><\/p>\n<p><span style=\"color: #000000;\">Ainsi, l\u2019Harmonie explore depuis plusieurs ann\u00e9es des styles musicaux allant du classique au jazz, de la vari\u00e9t\u00e9 aux musiques de film\u2026<\/span><\/p>\n<p><span style=\"color: #000000;\">Sous la pr\u00e9sidence d&rsquo;Aur\u00e9lien VAUXION, l&rsquo;Harmonie b\u00e9n\u00e9ficie du soutien logistique et financier de la ville de Meung-sur-Loire<em>.<\/em><\/span><\/p>\n<p><span style=\"color: #000000;\">Les r\u00e9p\u00e9titions ont lieu le vendredi de 20h \u00e0 22h dans les locaux de l&rsquo;Ecole Municipale de Musique.<\/span><\/p>\n","protected":false},"excerpt":{"rendered":"<p>Fond\u00e9e en 1874, malgr\u00e9 des p\u00e9riodes de sommeil, l\u2019Harmonie a su perdurer au fil des d\u00e9cennies pour s\u2019inscrire dans la&#8230;<\/p>\n","protected":false},"author":1,"featured_media":0,"parent":0,"menu_order":0,"comment_status":"closed","ping_status":"closed","template":"","meta":{"jetpack_post_was_ever_published":false,"footnotes":""},"class_list":["post-12","page","type-page","status-publish","hentry"],"jetpack_sharing_enabled":true,"jetpack_shortlink":"https:\/\/wp.me\/P4knKx-c","_links":{"self":[{"href":"https:\/\/harmoniedemeung.fr\/index.php?rest_route=\/wp\/v2\/pages\/12","targetHints":{"allow":["GET"]}}],"collection":[{"href":"https:\/\/harmoniedemeung.fr\/index.php?rest_route=\/wp\/v2\/pages"}],"about":[{"href":"https:\/\/harmoniedemeung.fr\/index.php?rest_route=\/wp\/v2\/types\/page"}],"author":[{"embeddable":true,"href":"https:\/\/harmoniedemeung.fr\/index.php?rest_route=\/wp\/v2\/users\/1"}],"replies":[{"embeddable":true,"href":"https:\/\/harmoniedemeung.fr\/index.php?rest_route=%2Fwp%2Fv2%2Fcomments&post=12"}],"version-history":[{"count":7,"href":"https:\/\/harmoniedemeung.fr\/index.php?rest_route=\/wp\/v2\/pages\/12\/revisions"}],"predecessor-version":[{"id":666,"href":"https:\/\/harmoniedemeung.fr\/index.php?rest_route=\/wp\/v2\/pages\/12\/revisions\/666"}],"wp:attachment":[{"href":"https:\/\/harmoniedemeung.fr\/index.php?rest_route=%2Fwp%2Fv2%2Fmedia&parent=12"}],"curies":[{"name":"wp","href":"https:\/\/api.w.org\/{rel}","templated":true}]}}